{"id":4942,"date":"2024-02-09T11:52:16","date_gmt":"2024-02-09T10:52:16","guid":{"rendered":"https:\/\/alfa-laser.com\/?page_id=4942"},"modified":"2024-06-20T18:07:28","modified_gmt":"2024-06-20T16:07:28","slug":"book-an-appointment","status":"publish","type":"page","link":"https:\/\/alfa-laser.com\/en\/book-an-appointment\/","title":{"rendered":"BOOK AN APPOINTMENT"},"content":{"rendered":"<div class=\"wpb-content-wrapper\"><p>[vc_row full_width=&#8221;stretch_row_content_no_spaces&#8221;][vc_column][vc_gmaps link=&#8221;#E-8_JTNDaWZyYW1lJTIwc3JjJTNEJTIyaHR0cHMlM0ElMkYlMkZ3d3cuZ29vZ2xlLmNvbSUyRm1hcHMlMkZkJTJGZW1iZWQlM0ZtaWQlM0QxT0RaWDZVNEQ4QkQtLXJiUl9VSTNWNUlHZm9ycjRvU0klMjIlMjB3aWR0aCUzRCUyMjEwMCUyNSUyMiUyMGhlaWdodCUzRCUyMjQwMCUyMiUzRSUzQyUyRmlmcmFtZSUzRQ==&#8221;]<div id=\"ultimate-heading-872369d12453e29ec\" class=\"uvc-heading ult-adjust-bottom-margin ultimate-heading-872369d12453e29ec uvc-5464 \" data-hspacer=\"no_spacer\"  data-halign=\"center\" style=\"text-align:center\"><div class=\"uvc-heading-spacer no_spacer\" style=\"top\"><\/div><div class=\"uvc-main-heading ult-responsive\"  data-ultimate-target='.uvc-heading.ultimate-heading-872369d12453e29ec h1'  data-responsive-json-new='{\"font-size\":\"desktop:22px;\",\"line-height\":\"\"}' ><h1 style=\"font-family:&#039;Montserrat&#039;;--font-weight:theme;margin-top:30px;\">We understand that each person is unique<\/h1><\/div><div class=\"uvc-sub-heading ult-responsive\"  data-ultimate-target='.uvc-heading.ultimate-heading-872369d12453e29ec .uvc-sub-heading '  data-responsive-json-new='{\"font-size\":\"\",\"line-height\":\"\"}'  style=\"font-weight:normal;\"><\/p>\n<p style=\"text-align: center;\">Vous souhaitez une \u00e9valuation ou une consultation pour un traitement d\u00e8s maintenant ? Il suffit de remplir le formulaire ci-dessous.<\/p>\n<h3 style=\"text-align: center; font-size: 14px;\">Une de nos assistantes m\u00e9dicales vous proposera sous 48 heures un cr\u00e9neau adapt\u00e9 \u00e0 votre emploi du temps.<\/h3>\n<p><\/div><\/div>[\/vc_column][\/vc_row][vc_row full_width=&#8221;stretch_row&#8221; css=&#8221;.vc_custom_1572005836212{padding-top: 20px !important;}&#8221;][vc_column]\n<div class=\"wpcf7 no-js\" id=\"wpcf7-f8-o1\" lang=\"fr-FR\" dir=\"ltr\">\n<div class=\"screen-reader-response\"><p role=\"status\" aria-live=\"polite\" aria-atomic=\"true\"><\/p> <ul><\/ul><\/div>\n<form action=\"\/en\/wp-json\/wp\/v2\/pages\/4942#wpcf7-f8-o1\" method=\"post\" class=\"wpcf7-form init\" aria-label=\"Formulaire de contact\" novalidate=\"novalidate\" data-status=\"init\">\n<div style=\"display: none;\">\n<input type=\"hidden\" name=\"_wpcf7\" value=\"8\" \/>\n<input type=\"hidden\" name=\"_wpcf7_version\" value=\"5.9.4\" \/>\n<input type=\"hidden\" name=\"_wpcf7_locale\" value=\"fr_FR\" \/>\n<input type=\"hidden\" name=\"_wpcf7_unit_tag\" value=\"wpcf7-f8-o1\" \/>\n<input type=\"hidden\" name=\"_wpcf7_container_post\" value=\"0\" \/>\n<input type=\"hidden\" name=\"_wpcf7_posted_data_hash\" value=\"\" \/>\n<\/div>\n<div id=\"formulaire-responsive\" class=\"clearfix\">\n\t<div class=\"rang-form\">\n\t\t<div class=\"demi-colonne\">\n\t\t\t<p>Votre NOM* <span class=\"wpcf7-form-control-wrap\" data-name=\"your-name\"><input size=\"40\" class=\"wpcf7-form-control wpcf7-text wpcf7-validates-as-required\" aria-required=\"true\" aria-invalid=\"false\" value=\"\" type=\"text\" name=\"your-name\" \/><\/span>\n\t\t\t<\/p>\n\t\t<\/div>\n\t\t<div class=\"demi-colonne\">\n\t\t\t<p>Votre Pr\u00e9nom* <span class=\"wpcf7-form-control-wrap\" data-name=\"your-prenom\"><input size=\"40\" class=\"wpcf7-form-control wpcf7-text wpcf7-validates-as-required\" aria-required=\"true\" aria-invalid=\"false\" value=\"\" type=\"text\" name=\"your-prenom\" \/><\/span>\n\t\t\t<\/p>\n\t\t<\/div>\n\t<\/div>\n\t<div class=\"rang-form\">\n\t\t<div class=\"demi-colonne\">\n\t\t\t<p>Votre e-mail*<span class=\"wpcf7-form-control-wrap\" data-name=\"your-email\"><input size=\"40\" class=\"wpcf7-form-control wpcf7-email wpcf7-validates-as-required wpcf7-text wpcf7-validates-as-email\" aria-required=\"true\" aria-invalid=\"false\" value=\"\" type=\"email\" name=\"your-email\" \/><\/span>\n\t\t\t<\/p>\n\t\t<\/div>\n\t\t<div class=\"demi-colonne\">\n\t\t\t<p>Votre num\u00e9ro de t\u00e9l\u00e9phone* <span class=\"wpcf7-form-control-wrap\" data-name=\"your-phone\"><input size=\"40\" class=\"wpcf7-form-control wpcf7-text wpcf7-validates-as-required\" aria-required=\"true\" aria-invalid=\"false\" value=\"\" type=\"text\" name=\"your-phone\" \/><\/span>\n\t\t\t<\/p>\n\t\t<\/div>\n\t<\/div>\n\t<div class=\"rang-form\">\n\t\t<div class=\"demi-colonne\">\n\t\t\t<p>Vers quel centre je souhaite un avis sp\u00e9cialiste*<label><br \/>\n[select* your-centre \"Annecy|annecy@alfa-laser.center\" \"Bruxelles|bruxelles@alfa-laser.center\" \"Colmar|colmar@alfa-laser.center\" \"Gen\u00e8ve|annecy@alfa-laser.center\" \"Lyon|lyon@alfa-laser.center\" \"Montb\u00e9liard|montbeliard@alfa-laser.center\" \"Mougins|mougins@alfa-laser.center\" \"Paris 17e|paris@alfa-laser.center\" \"Paris 18e|centreduchateau@alfa-laser.center\" \"Prague|Info@alfalaser.cz\"\"Toulouse|toulouse@alfa-laser.center\" <\/label><\/div>\n<div class=\"demi-colonne\">Informations souhait\u00e9es sur un traitement particulier*[select* your-info \"\u00c9pilation laser\" \"D\u00e9tatouage\" \"Rides\" \"Cicatrices\" \"Acn\u00e9\" \"Vergetures\" \"Tache pigmentaire\n\" \"L\u00e9sion vasculaire\" \"Cryolipolyse\" \"Bilan U-Balance\" ]<\/label>\n\t\t\t<\/p>\n\t\t<\/div>\n\t<\/div>\n\t<div class=\"rang-form\">\n\t\t<div class=\"colonne\">\n\t\t\t<p>Commentaire, date, cr\u00e9neau souhait\u00e9:<br \/>\n<span class=\"wpcf7-form-control-wrap\" data-name=\"your-message\"><textarea cols=\"40\" rows=\"10\" class=\"wpcf7-form-control wpcf7-textarea\" aria-invalid=\"false\" name=\"your-message\"><\/textarea><\/span>\n\t\t\t<\/p>\n\t\t<\/div>\n\t<\/div>\n\t<div class=\"rang-form\">\n\t\t<div class=\"colonne\">\n\t\t\t<p><span class=\"wpcf7-form-control-wrap\" data-name=\"your-consent\"><span class=\"wpcf7-form-control wpcf7-acceptance\"><span class=\"wpcf7-list-item\"><label><input type=\"checkbox\" name=\"your-consent\" value=\"1\" aria-invalid=\"false\" \/><span class=\"wpcf7-list-item-label\">J'accepte <a href=\"https:\/\/alfa-laser.com\/politique-de-confidentialite\/\" target=\"_blank\" rel=\"noopener\"> la politique de confidentialit\u00e9<\/a> de ALFA LASER CENTER FRANCE<\/span><\/label><\/span><\/span><\/span>\n\t\t\t<\/p>\n\t\t<\/div>\n\t<\/div>\n\t<div class=\"rang-form\">\n\t\t<div class=\"colonne\">\n\t\t\t<p><input class=\"wpcf7-form-control wpcf7-submit has-spinner\" type=\"submit\" value=\"Envoyez le formulaire\" \/>\n\t\t\t<\/p>\n\t\t<\/div>\n\t<\/div>\n\t<p>Les informations recueillies \u00e0 partir de ce formulaire sont des \u00e9l\u00e9ments n\u00e9cessaires \u00e0 la gestion de votre demande.<br \/>\nLa communication de vos donn\u00e9es \u00e0 caract\u00e8re personnel via ce formulaire vaut consentement au traitement de vos donn\u00e9es. Conform\u00e9ment \u00e0 la loi, vous avez la possibilit\u00e9 de retirer votre consentement, d\u2019acc\u00e9der \u00e0 vos donn\u00e9es, vous opposer \u00e0 leurs traitements, les faire rectifier ou les faire effacer \u00e0 tout moment en nous envoyant un email \u00e0 l\u2019adresse suivante: <a href=\"mailto:info@alfa-laser.center\">info@alfa-laser.center<\/a>\n\t<\/p>\n<\/div><!--fin de formulaire-responsive--><input type='hidden' class='wpcf7-pum' value='{\"closepopup\":false,\"closedelay\":0,\"openpopup\":false,\"openpopup_id\":0}' \/><div class=\"wpcf7-response-output\" aria-hidden=\"true\"><\/div>\n<\/form>\n<\/div>\n[\/vc_column][\/vc_row]<\/p>\n<\/div>","protected":false},"excerpt":{"rendered":"<p>[vc_row full_width=&#8221;stretch_row_content_no_spaces&#8221;][vc_column][vc_gmaps link=&#8221;#E-8_JTNDaWZyYW1lJTIwc3JjJTNEJTIyaHR0cHMlM0ElMkYlMkZ3d3cuZ29vZ2xlLmNvbSUyRm1hcHMlMkZkJTJGZW1iZWQlM0ZtaWQlM0QxT0RaWDZVNEQ4QkQtLXJiUl9VSTNWNUlHZm9ycjRvU0klMjIlMjB3aWR0aCUzRCUyMjEwMCUyNSUyMiUyMGhlaWdodCUzRCUyMjQwMCUyMiUzRSUzQyUyRmlmcmFtZSUzRQ==&#8221;][\/vc_column][\/vc_row][vc_row full_width=&#8221;stretch_row&#8221; css=&#8221;.vc_custom_1572005836212{padding-top: 20px !important;}&#8221;][vc_column][\/vc_column][\/vc_row]<\/p>\n","protected":false},"author":1,"featured_media":2280,"parent":0,"menu_order":0,"comment_status":"closed","ping_status":"closed","template":"","meta":{"_monsterinsights_skip_tracking":false,"_monsterinsights_sitenote_active":false,"_monsterinsights_sitenote_note":"","_monsterinsights_sitenote_category":0,"footnotes":""},"yoast_head":"<!-- This site is optimized with the Yoast SEO plugin v22.8 - https:\/\/yoast.com\/wordpress\/plugins\/seo\/ -->\n<title>Make an appointment with an Alfa Laser center near you<\/title>\n<meta name=\"description\" content=\"Do you want an evaluation or a consultation for treatment now? One of our medical assistants will suggest to you within 48 hours a slot adapted to your schedule.\" \/>\n<meta name=\"robots\" content=\"index, follow, max-snippet:-1, max-image-preview:large, max-video-preview:-1\" \/>\n<link rel=\"canonical\" href=\"https:\/\/alfa-laser.com\/en\/book-an-appointment\/\" \/>\n<meta property=\"og:locale\" content=\"en_US\" \/>\n<meta property=\"og:type\" content=\"article\" \/>\n<meta property=\"og:title\" content=\"Make an appointment with an Alfa Laser center near you\" \/>\n<meta property=\"og:description\" content=\"Do you want an evaluation or a consultation for treatment now? One of our medical assistants will suggest to you within 48 hours a slot adapted to your schedule.\" \/>\n<meta property=\"og:url\" content=\"https:\/\/alfa-laser.com\/en\/book-an-appointment\/\" \/>\n<meta property=\"og:site_name\" content=\"Alfa Laser Center\" \/>\n<meta property=\"article:modified_time\" content=\"2024-06-20T16:07:28+00:00\" \/>\n<meta property=\"og:image\" content=\"https:\/\/alfa-laser.com\/wp-content\/uploads\/2021\/02\/centre-medecine-esthetique-injection-acide-hyaluronique-bruxelles.jpeg\" \/>\n\t<meta property=\"og:image:width\" content=\"730\" \/>\n\t<meta property=\"og:image:height\" content=\"800\" \/>\n\t<meta property=\"og:image:type\" content=\"image\/jpeg\" \/>\n<meta name=\"twitter:card\" content=\"summary_large_image\" \/>\n<meta name=\"twitter:label1\" content=\"Est. reading time\" \/>\n\t<meta name=\"twitter:data1\" content=\"1 minute\" \/>\n<script type=\"application\/ld+json\" class=\"yoast-schema-graph\">{\"@context\":\"https:\/\/schema.org\",\"@graph\":[{\"@type\":\"WebPage\",\"@id\":\"https:\/\/alfa-laser.com\/en\/book-an-appointment\/\",\"url\":\"https:\/\/alfa-laser.com\/en\/book-an-appointment\/\",\"name\":\"Make an appointment with an Alfa Laser center near you\",\"isPartOf\":{\"@id\":\"https:\/\/alfa-laser.com\/#website\"},\"primaryImageOfPage\":{\"@id\":\"https:\/\/alfa-laser.com\/en\/book-an-appointment\/#primaryimage\"},\"image\":{\"@id\":\"https:\/\/alfa-laser.com\/en\/book-an-appointment\/#primaryimage\"},\"thumbnailUrl\":\"https:\/\/alfa-laser.com\/wp-content\/uploads\/2021\/02\/centre-medecine-esthetique-injection-acide-hyaluronique-bruxelles.jpeg\",\"datePublished\":\"2024-02-09T10:52:16+00:00\",\"dateModified\":\"2024-06-20T16:07:28+00:00\",\"description\":\"Do you want an evaluation or a consultation for treatment now? One of our medical assistants will suggest to you within 48 hours a slot adapted to your schedule.\",\"inLanguage\":\"en-US\",\"potentialAction\":[{\"@type\":\"ReadAction\",\"target\":[\"https:\/\/alfa-laser.com\/en\/book-an-appointment\/\"]}]},{\"@type\":\"ImageObject\",\"inLanguage\":\"en-US\",\"@id\":\"https:\/\/alfa-laser.com\/en\/book-an-appointment\/#primaryimage\",\"url\":\"https:\/\/alfa-laser.com\/wp-content\/uploads\/2021\/02\/centre-medecine-esthetique-injection-acide-hyaluronique-bruxelles.jpeg\",\"contentUrl\":\"https:\/\/alfa-laser.com\/wp-content\/uploads\/2021\/02\/centre-medecine-esthetique-injection-acide-hyaluronique-bruxelles.jpeg\",\"width\":730,\"height\":800,\"caption\":\"centre medecine esthetique injection acide hyaluronique bruxelles\"},{\"@type\":\"WebSite\",\"@id\":\"https:\/\/alfa-laser.com\/#website\",\"url\":\"https:\/\/alfa-laser.com\/\",\"name\":\"Alfa Laser Center\",\"description\":\"M\u00e9decine esth\u00e9tique injections et laser en France et en Europe\",\"publisher\":{\"@id\":\"https:\/\/alfa-laser.com\/#organization\"},\"potentialAction\":[{\"@type\":\"SearchAction\",\"target\":{\"@type\":\"EntryPoint\",\"urlTemplate\":\"https:\/\/alfa-laser.com\/?s={search_term_string}\"},\"query-input\":\"required name=search_term_string\"}],\"inLanguage\":\"en-US\"},{\"@type\":\"Organization\",\"@id\":\"https:\/\/alfa-laser.com\/#organization\",\"name\":\"Alfa Laser Center\",\"url\":\"https:\/\/alfa-laser.com\/\",\"logo\":{\"@type\":\"ImageObject\",\"inLanguage\":\"en-US\",\"@id\":\"https:\/\/alfa-laser.com\/#\/schema\/logo\/image\/\",\"url\":\"https:\/\/alfa-laser.com\/wp-content\/uploads\/2021\/06\/ALFA_LASER_CENTER.jpg\",\"contentUrl\":\"https:\/\/alfa-laser.com\/wp-content\/uploads\/2021\/06\/ALFA_LASER_CENTER.jpg\",\"width\":300,\"height\":300,\"caption\":\"Alfa Laser Center\"},\"image\":{\"@id\":\"https:\/\/alfa-laser.com\/#\/schema\/logo\/image\/\"}}]}<\/script>\n<!-- \/ Yoast SEO plugin. -->","yoast_head_json":{"title":"Make an appointment with an Alfa Laser center near you","description":"Do you want an evaluation or a consultation for treatment now? One of our medical assistants will suggest to you within 48 hours a slot adapted to your schedule.","robots":{"index":"index","follow":"follow","max-snippet":"max-snippet:-1","max-image-preview":"max-image-preview:large","max-video-preview":"max-video-preview:-1"},"canonical":"https:\/\/alfa-laser.com\/en\/book-an-appointment\/","og_locale":"en_US","og_type":"article","og_title":"Make an appointment with an Alfa Laser center near you","og_description":"Do you want an evaluation or a consultation for treatment now? One of our medical assistants will suggest to you within 48 hours a slot adapted to your schedule.","og_url":"https:\/\/alfa-laser.com\/en\/book-an-appointment\/","og_site_name":"Alfa Laser Center","article_modified_time":"2024-06-20T16:07:28+00:00","og_image":[{"width":730,"height":800,"url":"https:\/\/alfa-laser.com\/wp-content\/uploads\/2021\/02\/centre-medecine-esthetique-injection-acide-hyaluronique-bruxelles.jpeg","type":"image\/jpeg"}],"twitter_card":"summary_large_image","twitter_misc":{"Est. reading time":"1 minute"},"schema":{"@context":"https:\/\/schema.org","@graph":[{"@type":"WebPage","@id":"https:\/\/alfa-laser.com\/en\/book-an-appointment\/","url":"https:\/\/alfa-laser.com\/en\/book-an-appointment\/","name":"Make an appointment with an Alfa Laser center near you","isPartOf":{"@id":"https:\/\/alfa-laser.com\/#website"},"primaryImageOfPage":{"@id":"https:\/\/alfa-laser.com\/en\/book-an-appointment\/#primaryimage"},"image":{"@id":"https:\/\/alfa-laser.com\/en\/book-an-appointment\/#primaryimage"},"thumbnailUrl":"https:\/\/alfa-laser.com\/wp-content\/uploads\/2021\/02\/centre-medecine-esthetique-injection-acide-hyaluronique-bruxelles.jpeg","datePublished":"2024-02-09T10:52:16+00:00","dateModified":"2024-06-20T16:07:28+00:00","description":"Do you want an evaluation or a consultation for treatment now? One of our medical assistants will suggest to you within 48 hours a slot adapted to your schedule.","inLanguage":"en-US","potentialAction":[{"@type":"ReadAction","target":["https:\/\/alfa-laser.com\/en\/book-an-appointment\/"]}]},{"@type":"ImageObject","inLanguage":"en-US","@id":"https:\/\/alfa-laser.com\/en\/book-an-appointment\/#primaryimage","url":"https:\/\/alfa-laser.com\/wp-content\/uploads\/2021\/02\/centre-medecine-esthetique-injection-acide-hyaluronique-bruxelles.jpeg","contentUrl":"https:\/\/alfa-laser.com\/wp-content\/uploads\/2021\/02\/centre-medecine-esthetique-injection-acide-hyaluronique-bruxelles.jpeg","width":730,"height":800,"caption":"centre medecine esthetique injection acide hyaluronique bruxelles"},{"@type":"WebSite","@id":"https:\/\/alfa-laser.com\/#website","url":"https:\/\/alfa-laser.com\/","name":"Alfa Laser Center","description":"M\u00e9decine esth\u00e9tique injections et laser en France et en Europe","publisher":{"@id":"https:\/\/alfa-laser.com\/#organization"},"potentialAction":[{"@type":"SearchAction","target":{"@type":"EntryPoint","urlTemplate":"https:\/\/alfa-laser.com\/?s={search_term_string}"},"query-input":"required name=search_term_string"}],"inLanguage":"en-US"},{"@type":"Organization","@id":"https:\/\/alfa-laser.com\/#organization","name":"Alfa Laser Center","url":"https:\/\/alfa-laser.com\/","logo":{"@type":"ImageObject","inLanguage":"en-US","@id":"https:\/\/alfa-laser.com\/#\/schema\/logo\/image\/","url":"https:\/\/alfa-laser.com\/wp-content\/uploads\/2021\/06\/ALFA_LASER_CENTER.jpg","contentUrl":"https:\/\/alfa-laser.com\/wp-content\/uploads\/2021\/06\/ALFA_LASER_CENTER.jpg","width":300,"height":300,"caption":"Alfa Laser Center"},"image":{"@id":"https:\/\/alfa-laser.com\/#\/schema\/logo\/image\/"}}]}},"_links":{"self":[{"href":"https:\/\/alfa-laser.com\/en\/wp-json\/wp\/v2\/pages\/4942"}],"collection":[{"href":"https:\/\/alfa-laser.com\/en\/wp-json\/wp\/v2\/pages"}],"about":[{"href":"https:\/\/alfa-laser.com\/en\/wp-json\/wp\/v2\/types\/page"}],"author":[{"embeddable":true,"href":"https:\/\/alfa-laser.com\/en\/wp-json\/wp\/v2\/users\/1"}],"replies":[{"embeddable":true,"href":"https:\/\/alfa-laser.com\/en\/wp-json\/wp\/v2\/comments?post=4942"}],"version-history":[{"count":2,"href":"https:\/\/alfa-laser.com\/en\/wp-json\/wp\/v2\/pages\/4942\/revisions"}],"predecessor-version":[{"id":8642,"href":"https:\/\/alfa-laser.com\/en\/wp-json\/wp\/v2\/pages\/4942\/revisions\/8642"}],"wp:featuredmedia":[{"embeddable":true,"href":"https:\/\/alfa-laser.com\/en\/wp-json\/wp\/v2\/media\/2280"}],"wp:attachment":[{"href":"https:\/\/alfa-laser.com\/en\/wp-json\/wp\/v2\/media?parent=4942"}],"curies":[{"name":"wp","href":"https:\/\/api.w.org\/{rel}","templated":true}]}}