{"id":537,"date":"2020-03-23T15:28:18","date_gmt":"2020-03-23T14:28:18","guid":{"rendered":"https:\/\/alfa-laser.com\/?page_id=537"},"modified":"2020-03-25T15:38:05","modified_gmt":"2020-03-25T14:38:05","slug":"legal-notice","status":"publish","type":"page","link":"https:\/\/alfa-laser.com\/en\/legal-notice\/","title":{"rendered":"Legal notice"},"content":{"rendered":"<div class=\"wpb-content-wrapper\"><p>[vc_row css=&#8221;.vc_custom_1527166843584{padding-top: 20px !important;}&#8221;][vc_column][vc_column_text]<\/p>\n<h2 style=\"font-size: 16px; line-height: 26px;\">Raison sociale : ALFA LASER CENTER FRANCE<\/h2>\n<p>sarl au capital de 20 000 \u20ac &#8211; SIREN 832 341 853 \u2013 RCS ANNECY \u2013<br \/>\nG\u00e9rant : <strong>Nicolas RICHARD<\/strong> \u2013<a href=\"mailto: info@alfa-laser.center\"> info@alfa-laser.center<\/a><br \/>\nActivit\u00e9s principales : services<\/p>\n<p>Adresse du si\u00e8ge : 225 Rue des Nouvelles Contamines &#8211; 74370 Annecy &#8211; France<br \/>\nT\u00e9l\u00e9phone : +33 (0)7 68 35 30 50<br \/>\nEmail: info@ alfa-laser.center<br \/>\nSite internet : <a href=\"https:\/\/alfa-laser.com\/en\/\" target=\"_blank\" rel=\"noopener noreferrer\">www.alfa-laser.center<\/a><\/p>\n<p>Directeur de publication : <strong>Nicolas RICHARD<\/strong> \u2013<a href=\"mailto: info@alfa-laser.center\"> info@alfa-laser.center<\/a><\/p>\n<p>L\u2019h\u00e9bergement du site est assur\u00e9 par la soci\u00e9t\u00e9 OVH<br \/>\nSAS au capital de 10 000 000 \u20ac<br \/>\nRCS Roubaix \u2013 Tourcoing 424 761 419 00045<br \/>\nCode APE 6202A &#8211; N\u00b0 TVA : FR 22 424 761 419<br \/>\nSi\u00e8ge social : 2 rue Kellermann \u2013 59100 Roubaix \u2013 France<br \/>\n[\/vc_column_text][\/vc_column][\/vc_row]<\/p>\n<\/div>","protected":false},"excerpt":{"rendered":"<p>[vc_row css=&#8221;.vc_custom_1527166843584{padding-top: 20px !important;}&#8221;][vc_column][vc_column_text] Raison sociale : ALFA LASER CENTER FRANCE sarl au capital de 20 000 \u20ac &#8211; SIREN 832 341 853 \u2013 RCS ANNECY \u2013 G\u00e9rant : Nicolas RICHARD \u2013 info@alfa-laser.center Activit\u00e9s principales : services Adresse du si\u00e8ge : 225 Rue des Nouvelles Contamines &#8211; 74370 Annecy &#8211; France T\u00e9l\u00e9phone : +33 (0)7&hellip;<\/p>\n","protected":false},"author":1,"featured_media":0,"parent":0,"menu_order":0,"comment_status":"closed","ping_status":"closed","template":"","meta":{"_monsterinsights_skip_tracking":false,"_monsterinsights_sitenote_active":false,"_monsterinsights_sitenote_note":"","_monsterinsights_sitenote_category":0,"footnotes":""},"yoast_head":"<!-- This site is optimized with the Yoast SEO plugin v22.8 - https:\/\/yoast.com\/wordpress\/plugins\/seo\/ -->\n<title>Legal notice | Alfa Laser Center<\/title>\n<meta name=\"robots\" content=\"index, follow, max-snippet:-1, max-image-preview:large, max-video-preview:-1\" \/>\n<link rel=\"canonical\" href=\"https:\/\/alfa-laser.com\/en\/legal-notice\/\" \/>\n<meta property=\"og:locale\" content=\"en_US\" \/>\n<meta property=\"og:type\" content=\"article\" \/>\n<meta property=\"og:title\" content=\"Legal notice | Alfa Laser Center\" \/>\n<meta property=\"og:description\" content=\"[vc_row css=&#8221;.vc_custom_1527166843584{padding-top: 20px !important;}&#8221;][vc_column][vc_column_text] Raison sociale : ALFA LASER CENTER FRANCE sarl au capital de 20 000 \u20ac &#8211; SIREN 832 341 853 \u2013 RCS ANNECY \u2013 G\u00e9rant : Nicolas RICHARD \u2013 info@alfa-laser.center Activit\u00e9s principales : services Adresse du si\u00e8ge : 225 Rue des Nouvelles Contamines &#8211; 74370 Annecy &#8211; France T\u00e9l\u00e9phone : +33 (0)7&hellip;\" \/>\n<meta property=\"og:url\" content=\"https:\/\/alfa-laser.com\/en\/legal-notice\/\" \/>\n<meta property=\"og:site_name\" content=\"Alfa Laser Center\" \/>\n<meta property=\"article:modified_time\" content=\"2020-03-25T14:38:05+00:00\" \/>\n<meta name=\"twitter:card\" content=\"summary_large_image\" \/>\n<meta name=\"twitter:label1\" content=\"Est. reading time\" \/>\n\t<meta name=\"twitter:data1\" content=\"1 minute\" \/>\n<script type=\"application\/ld+json\" class=\"yoast-schema-graph\">{\"@context\":\"https:\/\/schema.org\",\"@graph\":[{\"@type\":\"WebPage\",\"@id\":\"https:\/\/alfa-laser.com\/en\/legal-notice\/\",\"url\":\"https:\/\/alfa-laser.com\/en\/legal-notice\/\",\"name\":\"Legal notice | Alfa Laser Center\",\"isPartOf\":{\"@id\":\"https:\/\/alfa-laser.com\/#website\"},\"datePublished\":\"2020-03-23T14:28:18+00:00\",\"dateModified\":\"2020-03-25T14:38:05+00:00\",\"inLanguage\":\"en-US\",\"potentialAction\":[{\"@type\":\"ReadAction\",\"target\":[\"https:\/\/alfa-laser.com\/en\/legal-notice\/\"]}]},{\"@type\":\"WebSite\",\"@id\":\"https:\/\/alfa-laser.com\/#website\",\"url\":\"https:\/\/alfa-laser.com\/\",\"name\":\"Alfa Laser Center\",\"description\":\"M\u00e9decine esth\u00e9tique injections et laser en France et en Europe\",\"publisher\":{\"@id\":\"https:\/\/alfa-laser.com\/#organization\"},\"potentialAction\":[{\"@type\":\"SearchAction\",\"target\":{\"@type\":\"EntryPoint\",\"urlTemplate\":\"https:\/\/alfa-laser.com\/?s={search_term_string}\"},\"query-input\":\"required name=search_term_string\"}],\"inLanguage\":\"en-US\"},{\"@type\":\"Organization\",\"@id\":\"https:\/\/alfa-laser.com\/#organization\",\"name\":\"Alfa Laser Center\",\"url\":\"https:\/\/alfa-laser.com\/\",\"logo\":{\"@type\":\"ImageObject\",\"inLanguage\":\"en-US\",\"@id\":\"https:\/\/alfa-laser.com\/#\/schema\/logo\/image\/\",\"url\":\"https:\/\/alfa-laser.com\/wp-content\/uploads\/2021\/06\/ALFA_LASER_CENTER.jpg\",\"contentUrl\":\"https:\/\/alfa-laser.com\/wp-content\/uploads\/2021\/06\/ALFA_LASER_CENTER.jpg\",\"width\":300,\"height\":300,\"caption\":\"Alfa Laser Center\"},\"image\":{\"@id\":\"https:\/\/alfa-laser.com\/#\/schema\/logo\/image\/\"}}]}<\/script>\n<!-- \/ Yoast SEO plugin. -->","yoast_head_json":{"title":"Legal notice | Alfa Laser Center","robots":{"index":"index","follow":"follow","max-snippet":"max-snippet:-1","max-image-preview":"max-image-preview:large","max-video-preview":"max-video-preview:-1"},"canonical":"https:\/\/alfa-laser.com\/en\/legal-notice\/","og_locale":"en_US","og_type":"article","og_title":"Legal notice | Alfa Laser Center","og_description":"[vc_row css=&#8221;.vc_custom_1527166843584{padding-top: 20px !important;}&#8221;][vc_column][vc_column_text] Raison sociale : ALFA LASER CENTER FRANCE sarl au capital de 20 000 \u20ac &#8211; SIREN 832 341 853 \u2013 RCS ANNECY \u2013 G\u00e9rant : Nicolas RICHARD \u2013 info@alfa-laser.center Activit\u00e9s principales : services Adresse du si\u00e8ge : 225 Rue des Nouvelles Contamines &#8211; 74370 Annecy &#8211; France T\u00e9l\u00e9phone : +33 (0)7&hellip;","og_url":"https:\/\/alfa-laser.com\/en\/legal-notice\/","og_site_name":"Alfa Laser Center","article_modified_time":"2020-03-25T14:38:05+00:00","twitter_card":"summary_large_image","twitter_misc":{"Est. reading time":"1 minute"},"schema":{"@context":"https:\/\/schema.org","@graph":[{"@type":"WebPage","@id":"https:\/\/alfa-laser.com\/en\/legal-notice\/","url":"https:\/\/alfa-laser.com\/en\/legal-notice\/","name":"Legal notice | Alfa Laser Center","isPartOf":{"@id":"https:\/\/alfa-laser.com\/#website"},"datePublished":"2020-03-23T14:28:18+00:00","dateModified":"2020-03-25T14:38:05+00:00","inLanguage":"en-US","potentialAction":[{"@type":"ReadAction","target":["https:\/\/alfa-laser.com\/en\/legal-notice\/"]}]},{"@type":"WebSite","@id":"https:\/\/alfa-laser.com\/#website","url":"https:\/\/alfa-laser.com\/","name":"Alfa Laser Center","description":"M\u00e9decine esth\u00e9tique injections et laser en France et en Europe","publisher":{"@id":"https:\/\/alfa-laser.com\/#organization"},"potentialAction":[{"@type":"SearchAction","target":{"@type":"EntryPoint","urlTemplate":"https:\/\/alfa-laser.com\/?s={search_term_string}"},"query-input":"required name=search_term_string"}],"inLanguage":"en-US"},{"@type":"Organization","@id":"https:\/\/alfa-laser.com\/#organization","name":"Alfa Laser Center","url":"https:\/\/alfa-laser.com\/","logo":{"@type":"ImageObject","inLanguage":"en-US","@id":"https:\/\/alfa-laser.com\/#\/schema\/logo\/image\/","url":"https:\/\/alfa-laser.com\/wp-content\/uploads\/2021\/06\/ALFA_LASER_CENTER.jpg","contentUrl":"https:\/\/alfa-laser.com\/wp-content\/uploads\/2021\/06\/ALFA_LASER_CENTER.jpg","width":300,"height":300,"caption":"Alfa Laser Center"},"image":{"@id":"https:\/\/alfa-laser.com\/#\/schema\/logo\/image\/"}}]}},"_links":{"self":[{"href":"https:\/\/alfa-laser.com\/en\/wp-json\/wp\/v2\/pages\/537"}],"collection":[{"href":"https:\/\/alfa-laser.com\/en\/wp-json\/wp\/v2\/pages"}],"about":[{"href":"https:\/\/alfa-laser.com\/en\/wp-json\/wp\/v2\/types\/page"}],"author":[{"embeddable":true,"href":"https:\/\/alfa-laser.com\/en\/wp-json\/wp\/v2\/users\/1"}],"replies":[{"embeddable":true,"href":"https:\/\/alfa-laser.com\/en\/wp-json\/wp\/v2\/comments?post=537"}],"version-history":[{"count":0,"href":"https:\/\/alfa-laser.com\/en\/wp-json\/wp\/v2\/pages\/537\/revisions"}],"wp:attachment":[{"href":"https:\/\/alfa-laser.com\/en\/wp-json\/wp\/v2\/media?parent=537"}],"curies":[{"name":"wp","href":"https:\/\/api.w.org\/{rel}","templated":true}]}}